{"id":3114,"date":"2026-03-10T11:35:42","date_gmt":"2026-03-10T10:35:42","guid":{"rendered":"https:\/\/bitus.com\/sv\/shop\/"},"modified":"2026-04-15T08:21:44","modified_gmt":"2026-04-15T06:21:44","slug":"linoljelasyr-linax-brun-1-liter","status":"publish","type":"product","link":"https:\/\/bitus.com\/sv\/shop\/linaxolja\/linoljelasyr-linax-brun-1-liter\/","title":{"rendered":"Linoljelasyr Linax Brun, 1 Liter"},"content":{"rendered":"<p style=\"font-weight: 400\">Allt tr\u00e4 kr\u00e4ver underh\u00e5ll och det g\u00f6r \u00e4ven Bitus Linax. Tack vare\u00a0Linaxbehandlingen\u00a0\u00e4r virket mer motst\u00e5ndskraftigt och kr\u00e4ver mindre underh\u00e5ll \u00e4n obehandlat tr\u00e4. Med tiden slits oljan i det yttersta skiktet bort av v\u00e4der och nederb\u00f6rd och eventuella pigment bleks gradvis. Genom ett regelbundet underh\u00e5ll uppfyller du kraven f\u00f6r din 50-\u00e5riga r\u00f6tskyddsgaranti (h\u00e4nvisning till dokumentsida med villkor mm) samt bevarar b\u00e5de skyddet och tr\u00e4ets naturligt vackra utseende under l\u00e5ng tid.<\/p>\n<p style=\"font-weight: 400\">Rekommenderat intervall f\u00f6r underh\u00e5ll med Bitus Linoljelasyr \u00e4r vart 5:e \u00e5r f\u00f6r trall samt utomhusm\u00f6bler och vart 12:e \u00e5r f\u00f6r v\u00e4ggpanel. \u00d6vriga produkter vart 8:e \u00e5r, beroende p\u00e5 l\u00e4ge och exponering.<\/p>\n<p style=\"font-weight: 400\">V\u00e4ljer man att inte f\u00f6lja rekommenderade underh\u00e5llsintervall har produkterna \u00e4nd\u00e5 ett NTR-grundskydd i botten som g\u00e4ller i 20 \u00e5r, f\u00f6rutsatt att produkterna \u00e4r r\u00e4tt monterade och att kapsnitt \u00e4r f\u00f6rseglade med Bitus Linoljelasyr. F\u00f6r att bibeh\u00e5lla garantierna p\u00e5 produkten \u00e4r det enbart Bitus Linoljelasyr som f\u00e5r anv\u00e4ndas f\u00f6r underh\u00e5ll samt f\u00f6rsegling av kapsnitt. Oljan kan p\u00e5f\u00f6ras med roller eller pensel.<\/p>\n<p style=\"font-weight: 400\">Var noga med att torka bort \u00f6verfl\u00f6dig olja s\u00e5 att ytan inte blir klibbig.<\/p>\n<p style=\"font-weight: 400\">Det \u00e4r viktigt att virket \u00e4r rengjort och torrt (max 20% fuktkvot) innan det efterbehandlas med olja. Vid tv\u00e4ttning f\u00e5r inte h\u00f6gtryckstv\u00e4tt anv\u00e4ndas d\u00e5 det kan flisa upp virket och tv\u00e4tta bort oljan i \u00f6versta skiktet. Tv\u00e4tt ska ske med ljummet vatten och d\u00e4refter sk\u00f6ljas bort med en vattenslang med normalt tryck. Starka fettl\u00f6sande medel f\u00e5r inte anv\u00e4ndas utan tv\u00e4tt ska ske med en mild hustv\u00e4tt. Anv\u00e4nd inte heller reng\u00f6ringsprodukter som inneh\u00e5ller blekmedel. L\u00e5t torka v\u00e4l. Produkten ska alltid tv\u00e4ttas innan den stryks med Bitus Linoljelasyr och eventuell p\u00e5v\u00e4xt ska alltid tv\u00e4ttas bort innan virket oljas in.<\/p>\n<p style=\"font-weight: 400\">M\u00f6gel och p\u00e5v\u00e4xt orsakad av yttre milj\u00f6 ansvarar Bitus ej f\u00f6r.<\/p>\n<p style=\"font-weight: 400\"><strong>V\u00e4nligen notera att samtliga kapsnitt p\u00e5 ditt Linax virke alltid ska behandlas med Bitus Linoljelasyr f\u00f6r att garantier ska g\u00e4lla.<\/strong><\/p>\n<p style=\"font-weight: 400\"><strong>Viktigt! Klyvning l\u00e4ngsg\u00e5ende av produkterna \u00e4r inte godk\u00e4nt enligt v\u00e5ra garantivillkor och p\u00e5verkar r\u00f6tskyddet. \u00a0<\/strong><\/p>\n<p style=\"font-weight: 400\">Oljorna ska f\u00f6rvaras frostfritt och det \u00e4r viktigt att r\u00f6ra om v\u00e4l i burken innan anv\u00e4ndning.<\/p>\n<p style=\"font-weight: 400\">F\u00f6rbrukning:<\/p>\n<p style=\"font-weight: 400\">Hyvlad yta 6-8 kvm\/liter<\/p>\n<p style=\"font-weight: 400\">S\u00e5gad yta 4-6 kvm\/liter<\/p>\n<p style=\"font-weight: 400\">Arbetstemperatur vid inoljning av Linax b\u00f6r vara en dygnstemperatur om l\u00e4gst 15 grader. Man b\u00f6r undvika att olja i direkt solljus. Oljan har en torktid p\u00e5 ca 1 dygn vid 20 grader och god ventilation.<\/p>\n<p style=\"font-weight: 400\">Viktigt alla anv\u00e4nda trasor etc m\u00e5ste br\u00e4nnas eller l\u00e4ggas i vatten f\u00f6r att undvika sj\u00e4lvant\u00e4ndning.<\/p>\n","protected":false},"excerpt":{"rendered":"<p>Bitus Linoljelasyr anv\u00e4nds f\u00f6r att underh\u00e5lla Linaxbehandlat virke och ge tr\u00e4et en h\u00e5llbar och vacker yta. Denna linoljebaserade tr\u00e4olja \u00e4r speciellt utvecklad f\u00f6r att bevara tr\u00e4ets naturliga sk\u00f6nhet samtidigt som den erbjuder ett robust skydd mot v\u00e4der och vind. Den tr\u00e4nger djupt in i tr\u00e4ets porer och ger en l\u00e5ngvarig skyddsbarri\u00e4r.<\/p>\n<p><span data-markjs=\"true\">Linaxolja<\/span>n skyddar tr\u00e4et och lyfter fram dess naturliga \u00e5dring.<br \/>\nDen unika sammans\u00e4ttningen av linolja och naturliga pigment s\u00e4kerst\u00e4ller att tr\u00e4et b\u00e5de skyddas och bevarar sitt vackra utseende under m\u00e5nga \u00e5r.<\/p>\n<p><em>\u00c4r du en privatperson och \u00f6nskar best\u00e4lla, <a href=\"https:\/\/bitus.com\/sv\/inspiration-traskyddsbehandlingar\/linax\/linax-olja\/\" target=\"_blank\" rel=\"noopener\">g\u00e5r det bra via formul\u00e4ret h\u00e4r!<\/a><\/em><\/p>\n","protected":false},"featured_media":3243,"template":"","meta":{"_acf_changed":false,"_crdt_document":"","inline_featured_image":false},"product_brand":[],"product_cat":[51],"product_tag":[],"class_list":{"0":"post-3114","1":"product","2":"type-product","3":"status-publish","4":"has-post-thumbnail","6":"product_cat-linaxolja","8":"first","9":"instock","10":"taxable","11":"shipping-taxable","12":"product-type-simple"},"acf":[],"yoast_head":"<!-- This site is optimized with the Yoast SEO plugin v27.3 - https:\/\/yoast.com\/product\/yoast-seo-wordpress\/ -->\n<title>Linoljelasyr Linax Brun, 1 Liter |<\/title>\n<meta name=\"robots\" content=\"index, follow, max-snippet:-1, max-image-preview:large, max-video-preview:-1\" \/>\n<link rel=\"canonical\" href=\"https:\/\/bitus.com\/sv\/shop\/linaxolja\/linoljelasyr-linax-brun-1-liter\/\" \/>\n<meta property=\"og:locale\" content=\"sv_SE\" \/>\n<meta property=\"og:type\" content=\"article\" \/>\n<meta property=\"og:title\" content=\"Linoljelasyr Linax Brun, 1 Liter |\" \/>\n<meta property=\"og:description\" content=\"Bitus Linoljelasyr anv\u00e4nds f\u00f6r att underh\u00e5lla Linaxbehandlat virke och ge tr\u00e4et en h\u00e5llbar och vacker yta. Denna linoljebaserade tr\u00e4olja \u00e4r speciellt utvecklad f\u00f6r att bevara tr\u00e4ets naturliga sk\u00f6nhet samtidigt som den erbjuder ett robust skydd mot v\u00e4der och vind. Den tr\u00e4nger djupt in i tr\u00e4ets porer och ger en l\u00e5ngvarig skyddsbarri\u00e4r. Linaxoljan skyddar tr\u00e4et och lyfter fram dess naturliga \u00e5dring. Den unika sammans\u00e4ttningen av linolja och naturliga pigment s\u00e4kerst\u00e4ller att tr\u00e4et b\u00e5de skyddas och bevarar sitt vackra utseende under m\u00e5nga \u00e5r. \u00c4r du en privatperson och \u00f6nskar best\u00e4lla, g\u00e5r det bra via formul\u00e4ret h\u00e4r!\" \/>\n<meta property=\"og:url\" content=\"https:\/\/bitus.com\/sv\/shop\/linaxolja\/linoljelasyr-linax-brun-1-liter\/\" \/>\n<meta property=\"article:modified_time\" content=\"2026-04-15T06:21:44+00:00\" \/>\n<meta property=\"og:image\" content=\"https:\/\/bitus.com\/sv\/shop\/wp-content\/uploads\/2026\/03\/20231204_Bitus_Liten_Linax_Brown-jpg.webp\" \/>\n\t<meta property=\"og:image:width\" content=\"1280\" \/>\n\t<meta property=\"og:image:height\" content=\"1280\" \/>\n\t<meta property=\"og:image:type\" content=\"image\/webp\" \/>\n<meta name=\"twitter:card\" content=\"summary_large_image\" \/>\n<meta name=\"twitter:label1\" content=\"Pris\" \/>\n\t<meta name=\"twitter:data1\" content=\"321,00&nbsp;&#107;&#114; exkl. moms\" \/>\n\t<meta name=\"twitter:label2\" content=\"Tillg\u00e4nglig\" \/>\n\t<meta name=\"twitter:data2\" content=\"I lager\" \/>\n<script type=\"application\/ld+json\" class=\"yoast-schema-graph\">{\"@context\":\"https:\\\/\\\/schema.org\",\"@graph\":[{\"@type\":\"WebPage\",\"@id\":\"https:\\\/\\\/bitus.com\\\/sv\\\/shop\\\/linaxolja\\\/linoljelasyr-linax-brun-1-liter\\\/\",\"url\":\"https:\\\/\\\/bitus.com\\\/sv\\\/shop\\\/linaxolja\\\/linoljelasyr-linax-brun-1-liter\\\/\",\"name\":\"Linoljelasyr Linax Brun, 1 Liter |\",\"isPartOf\":{\"@id\":\"https:\\\/\\\/bitus.com\\\/sv\\\/shop\\\/#website\"},\"primaryImageOfPage\":{\"@id\":\"https:\\\/\\\/bitus.com\\\/sv\\\/shop\\\/linaxolja\\\/linoljelasyr-linax-brun-1-liter\\\/#primaryimage\"},\"image\":{\"@id\":\"https:\\\/\\\/bitus.com\\\/sv\\\/shop\\\/linaxolja\\\/linoljelasyr-linax-brun-1-liter\\\/#primaryimage\"},\"thumbnailUrl\":\"https:\\\/\\\/bitus.com\\\/sv\\\/shop\\\/wp-content\\\/uploads\\\/2026\\\/03\\\/20231204_Bitus_Liten_Linax_Brown-jpg.webp\",\"datePublished\":\"2026-03-10T10:35:42+00:00\",\"dateModified\":\"2026-04-15T06:21:44+00:00\",\"breadcrumb\":{\"@id\":\"https:\\\/\\\/bitus.com\\\/sv\\\/shop\\\/linaxolja\\\/linoljelasyr-linax-brun-1-liter\\\/#breadcrumb\"},\"inLanguage\":\"sv-SE\",\"potentialAction\":[{\"@type\":\"ReadAction\",\"target\":[\"https:\\\/\\\/bitus.com\\\/sv\\\/shop\\\/linaxolja\\\/linoljelasyr-linax-brun-1-liter\\\/\"]}]},{\"@type\":\"ImageObject\",\"inLanguage\":\"sv-SE\",\"@id\":\"https:\\\/\\\/bitus.com\\\/sv\\\/shop\\\/linaxolja\\\/linoljelasyr-linax-brun-1-liter\\\/#primaryimage\",\"url\":\"https:\\\/\\\/bitus.com\\\/sv\\\/shop\\\/wp-content\\\/uploads\\\/2026\\\/03\\\/20231204_Bitus_Liten_Linax_Brown-jpg.webp\",\"contentUrl\":\"https:\\\/\\\/bitus.com\\\/sv\\\/shop\\\/wp-content\\\/uploads\\\/2026\\\/03\\\/20231204_Bitus_Liten_Linax_Brown-jpg.webp\",\"width\":1280,\"height\":1280},{\"@type\":\"BreadcrumbList\",\"@id\":\"https:\\\/\\\/bitus.com\\\/sv\\\/shop\\\/linaxolja\\\/linoljelasyr-linax-brun-1-liter\\\/#breadcrumb\",\"itemListElement\":[{\"@type\":\"ListItem\",\"position\":1,\"name\":\"Hem\",\"item\":\"https:\\\/\\\/bitus.com\\\/sv\\\/shop\\\/\"},{\"@type\":\"ListItem\",\"position\":2,\"name\":\"Produkter\",\"item\":\"https:\\\/\\\/bitus.com\\\/shop\\\/butik\\\/\"},{\"@type\":\"ListItem\",\"position\":3,\"name\":\"Linaxolja\",\"item\":\"https:\\\/\\\/bitus.com\\\/sv\\\/shop\\\/kategori\\\/linaxolja\\\/\"},{\"@type\":\"ListItem\",\"position\":4,\"name\":\"Linoljelasyr Linax Brun, 1 Liter\"}]},{\"@type\":\"WebSite\",\"@id\":\"https:\\\/\\\/bitus.com\\\/sv\\\/shop\\\/#website\",\"url\":\"https:\\\/\\\/bitus.com\\\/sv\\\/shop\\\/\",\"name\":\"\",\"description\":\"\",\"publisher\":{\"@id\":\"https:\\\/\\\/bitus.com\\\/sv\\\/shop\\\/#organization\"},\"potentialAction\":[{\"@type\":\"SearchAction\",\"target\":{\"@type\":\"EntryPoint\",\"urlTemplate\":\"https:\\\/\\\/bitus.com\\\/sv\\\/shop\\\/?s={search_term_string}\"},\"query-input\":{\"@type\":\"PropertyValueSpecification\",\"valueRequired\":true,\"valueName\":\"search_term_string\"}}],\"inLanguage\":\"sv-SE\"},{\"@type\":\"Organization\",\"@id\":\"https:\\\/\\\/bitus.com\\\/sv\\\/shop\\\/#organization\",\"name\":\"Bitus\",\"url\":\"https:\\\/\\\/bitus.com\\\/sv\\\/shop\\\/\",\"logo\":{\"@type\":\"ImageObject\",\"inLanguage\":\"sv-SE\",\"@id\":\"https:\\\/\\\/bitus.com\\\/sv\\\/shop\\\/#\\\/schema\\\/logo\\\/image\\\/\",\"url\":\"https:\\\/\\\/bitus.com\\\/sv\\\/shop\\\/wp-content\\\/uploads\\\/2025\\\/10\\\/Bitus_Logotype.svg\",\"contentUrl\":\"https:\\\/\\\/bitus.com\\\/sv\\\/shop\\\/wp-content\\\/uploads\\\/2025\\\/10\\\/Bitus_Logotype.svg\",\"caption\":\"Bitus\"},\"image\":{\"@id\":\"https:\\\/\\\/bitus.com\\\/sv\\\/shop\\\/#\\\/schema\\\/logo\\\/image\\\/\"}}]}<\/script>\n<meta property=\"product:price:amount\" content=\"321.00\" \/>\n<meta property=\"product:price:currency\" content=\"SEK\" \/>\n<meta property=\"og:availability\" content=\"instock\" \/>\n<meta property=\"product:availability\" content=\"instock\" \/>\n<meta property=\"product:retailer_item_id\" content=\"11006601\" \/>\n<meta property=\"product:condition\" content=\"new\" \/>\n<!-- \/ Yoast SEO plugin. -->","yoast_head_json":{"title":"Linoljelasyr Linax Brun, 1 Liter |","robots":{"index":"index","follow":"follow","max-snippet":"max-snippet:-1","max-image-preview":"max-image-preview:large","max-video-preview":"max-video-preview:-1"},"canonical":"https:\/\/bitus.com\/sv\/shop\/linaxolja\/linoljelasyr-linax-brun-1-liter\/","og_locale":"sv_SE","og_type":"article","og_title":"Linoljelasyr Linax Brun, 1 Liter |","og_description":"Bitus Linoljelasyr anv\u00e4nds f\u00f6r att underh\u00e5lla Linaxbehandlat virke och ge tr\u00e4et en h\u00e5llbar och vacker yta. Denna linoljebaserade tr\u00e4olja \u00e4r speciellt utvecklad f\u00f6r att bevara tr\u00e4ets naturliga sk\u00f6nhet samtidigt som den erbjuder ett robust skydd mot v\u00e4der och vind. Den tr\u00e4nger djupt in i tr\u00e4ets porer och ger en l\u00e5ngvarig skyddsbarri\u00e4r. Linaxoljan skyddar tr\u00e4et och lyfter fram dess naturliga \u00e5dring. Den unika sammans\u00e4ttningen av linolja och naturliga pigment s\u00e4kerst\u00e4ller att tr\u00e4et b\u00e5de skyddas och bevarar sitt vackra utseende under m\u00e5nga \u00e5r. \u00c4r du en privatperson och \u00f6nskar best\u00e4lla, g\u00e5r det bra via formul\u00e4ret h\u00e4r!","og_url":"https:\/\/bitus.com\/sv\/shop\/linaxolja\/linoljelasyr-linax-brun-1-liter\/","article_modified_time":"2026-04-15T06:21:44+00:00","og_image":[{"width":1280,"height":1280,"url":"https:\/\/bitus.com\/sv\/shop\/wp-content\/uploads\/2026\/03\/20231204_Bitus_Liten_Linax_Brown-jpg.webp","type":"image\/webp"}],"twitter_card":"summary_large_image","twitter_misc":{"Pris":"321,00&nbsp;&#107;&#114; exkl. moms","Tillg\u00e4nglig":"I lager"},"schema":{"@context":"https:\/\/schema.org","@graph":[{"@type":"WebPage","@id":"https:\/\/bitus.com\/sv\/shop\/linaxolja\/linoljelasyr-linax-brun-1-liter\/","url":"https:\/\/bitus.com\/sv\/shop\/linaxolja\/linoljelasyr-linax-brun-1-liter\/","name":"Linoljelasyr Linax Brun, 1 Liter |","isPartOf":{"@id":"https:\/\/bitus.com\/sv\/shop\/#website"},"primaryImageOfPage":{"@id":"https:\/\/bitus.com\/sv\/shop\/linaxolja\/linoljelasyr-linax-brun-1-liter\/#primaryimage"},"image":{"@id":"https:\/\/bitus.com\/sv\/shop\/linaxolja\/linoljelasyr-linax-brun-1-liter\/#primaryimage"},"thumbnailUrl":"https:\/\/bitus.com\/sv\/shop\/wp-content\/uploads\/2026\/03\/20231204_Bitus_Liten_Linax_Brown-jpg.webp","datePublished":"2026-03-10T10:35:42+00:00","dateModified":"2026-04-15T06:21:44+00:00","breadcrumb":{"@id":"https:\/\/bitus.com\/sv\/shop\/linaxolja\/linoljelasyr-linax-brun-1-liter\/#breadcrumb"},"inLanguage":"sv-SE","potentialAction":[{"@type":"ReadAction","target":["https:\/\/bitus.com\/sv\/shop\/linaxolja\/linoljelasyr-linax-brun-1-liter\/"]}]},{"@type":"ImageObject","inLanguage":"sv-SE","@id":"https:\/\/bitus.com\/sv\/shop\/linaxolja\/linoljelasyr-linax-brun-1-liter\/#primaryimage","url":"https:\/\/bitus.com\/sv\/shop\/wp-content\/uploads\/2026\/03\/20231204_Bitus_Liten_Linax_Brown-jpg.webp","contentUrl":"https:\/\/bitus.com\/sv\/shop\/wp-content\/uploads\/2026\/03\/20231204_Bitus_Liten_Linax_Brown-jpg.webp","width":1280,"height":1280},{"@type":"BreadcrumbList","@id":"https:\/\/bitus.com\/sv\/shop\/linaxolja\/linoljelasyr-linax-brun-1-liter\/#breadcrumb","itemListElement":[{"@type":"ListItem","position":1,"name":"Hem","item":"https:\/\/bitus.com\/sv\/shop\/"},{"@type":"ListItem","position":2,"name":"Produkter","item":"https:\/\/bitus.com\/shop\/butik\/"},{"@type":"ListItem","position":3,"name":"Linaxolja","item":"https:\/\/bitus.com\/sv\/shop\/kategori\/linaxolja\/"},{"@type":"ListItem","position":4,"name":"Linoljelasyr Linax Brun, 1 Liter"}]},{"@type":"WebSite","@id":"https:\/\/bitus.com\/sv\/shop\/#website","url":"https:\/\/bitus.com\/sv\/shop\/","name":"","description":"","publisher":{"@id":"https:\/\/bitus.com\/sv\/shop\/#organization"},"potentialAction":[{"@type":"SearchAction","target":{"@type":"EntryPoint","urlTemplate":"https:\/\/bitus.com\/sv\/shop\/?s={search_term_string}"},"query-input":{"@type":"PropertyValueSpecification","valueRequired":true,"valueName":"search_term_string"}}],"inLanguage":"sv-SE"},{"@type":"Organization","@id":"https:\/\/bitus.com\/sv\/shop\/#organization","name":"Bitus","url":"https:\/\/bitus.com\/sv\/shop\/","logo":{"@type":"ImageObject","inLanguage":"sv-SE","@id":"https:\/\/bitus.com\/sv\/shop\/#\/schema\/logo\/image\/","url":"https:\/\/bitus.com\/sv\/shop\/wp-content\/uploads\/2025\/10\/Bitus_Logotype.svg","contentUrl":"https:\/\/bitus.com\/sv\/shop\/wp-content\/uploads\/2025\/10\/Bitus_Logotype.svg","caption":"Bitus"},"image":{"@id":"https:\/\/bitus.com\/sv\/shop\/#\/schema\/logo\/image\/"}}]},"product_price_amount":"321.00","product_price_currency":"SEK","og_availability":"instock","product_availability":"instock","product_retailer_item_id":"11006601","product_condition":"new"},"_links":{"self":[{"href":"https:\/\/bitus.com\/sv\/shop\/wp-json\/wp\/v2\/product\/3114","targetHints":{"allow":["GET"]}}],"collection":[{"href":"https:\/\/bitus.com\/sv\/shop\/wp-json\/wp\/v2\/product"}],"about":[{"href":"https:\/\/bitus.com\/sv\/shop\/wp-json\/wp\/v2\/types\/product"}],"wp:featuredmedia":[{"embeddable":true,"href":"https:\/\/bitus.com\/sv\/shop\/wp-json\/wp\/v2\/media\/3243"}],"wp:attachment":[{"href":"https:\/\/bitus.com\/sv\/shop\/wp-json\/wp\/v2\/media?parent=3114"}],"wp:term":[{"taxonomy":"product_brand","embeddable":true,"href":"https:\/\/bitus.com\/sv\/shop\/wp-json\/wp\/v2\/product_brand?post=3114"},{"taxonomy":"product_cat","embeddable":true,"href":"https:\/\/bitus.com\/sv\/shop\/wp-json\/wp\/v2\/product_cat?post=3114"},{"taxonomy":"product_tag","embeddable":true,"href":"https:\/\/bitus.com\/sv\/shop\/wp-json\/wp\/v2\/product_tag?post=3114"}],"curies":[{"name":"wp","href":"https:\/\/api.w.org\/{rel}","templated":true}]}}