{"id":2244,"date":"2026-02-03T14:07:35","date_gmt":"2026-02-03T13:07:35","guid":{"rendered":"https:\/\/bitus.com\/sv\/shop\/"},"modified":"2026-04-15T08:21:29","modified_gmt":"2026-04-15T06:21:29","slug":"stolpe-linax-natur-95x95","status":"publish","type":"product","link":"https:\/\/bitus.com\/sv\/shop\/stolpar\/stolpe-linax-natur-95x95\/","title":{"rendered":"Stolpe Linax Natur 95&#215;95"},"content":{"rendered":"<p>Linaxbehandlade reglar och stolpar \u00e4r det sj\u00e4lvklara valet f\u00f6r kunden som s\u00f6ker en h\u00f6gkvalitativ och h\u00e5llbar tr\u00e4produkt som \u00e4r fuktavvisande samt \u00e4r formstabil. Linax\u00a0\u00e4r ett tr\u00e4skyddsbehandlat virke av furu som genomg\u00e5r en dubbel tr\u00e4skyddsbehandling f\u00f6r l\u00e5ng livsl\u00e4ngd och extra skydd. F\u00f6rst impregneras virket med ett kopparbaserat tr\u00e4skyddsmedel enligt NTR klass AB, vilket ger ett starkt skydd mot r\u00f6ta. D\u00e4refter kokas virket i varm linolja under vakuum, vilket ger en god fuktavvisande f\u00f6rm\u00e5ga och h\u00f6g formstabilitet. Det ger produkten dess unika egenskaper som l\u00e4mpar sig v\u00e4l f\u00f6r de flesta typer av byggnationer ovan mark samt i milj\u00f6er med tuffa klimatf\u00f6rh\u00e5llanden.\u00a0 R\u00e5varan till Linax reglar och ribbor \u00e4r en Nordsvensk furu av h\u00f6gre kvalitet vilket ger ett brett anv\u00e4ndningsomr\u00e5de.<\/p>\n<p>Linax\u00a0Natur \u00e4r ljust gyllenbrun som nyproducerad. Produkten \u00e4r opigmenterad och blir med tiden v\u00e4dergr\u00e5 vid exponering av sol och UV-ljus. Behandlingen \u00e4r transparent, vilket framh\u00e4ver tr\u00e4ets naturliga struktur och ger ett levande, genuint utseende. F\u00e4rgvariationer kan f\u00f6rekomma eftersom k\u00e4rnved, ytved och kvistar tar upp olika m\u00e4ngd olja och pigment. Produkten \u00e4r torkad till ca 16% fuktkvot.<\/p>\n<p>P\u00e5\u00a0Linax\u00a0Natur kan en svag\u00a0gr\u00f6nton\u00a0synas inledningsvis, men den bleks n\u00e4r virket exponeras f\u00f6r solljus.<\/p>\n<p>Produkten har l\u00e5nga underh\u00e5llsintervall, f\u00f6r reglar, ribbor och stolpar rekommenderas ett intervall p\u00e5 ca 8 \u00e5r mellan inoljningarna f\u00f6r att bibeh\u00e5lla dess 50-\u00e5riga r\u00f6tskyddsgaranti. Innan montering skall samtliga kapsnitt behandlas med Linax Linoljelasyr f\u00f6r att\u00a0<a href=\"https:\/\/bitus.com\/wp-content\/uploads\/2025\/02\/LINAX-Produktgaranti-SE-.pdf\">garantin<\/a>\u00a0ska g\u00e4lla. Produkten \u00e4r svensktillverkad och milj\u00f6klassad vilket garanterar en bra milj\u00f6profil.<\/p>\n","protected":false},"excerpt":{"rendered":"<p>Linax stolpe hyvlad 4 sidor med runda h\u00f6rn. L\u00e4mplig f\u00f6r utomhusbyggnationer ovan mark s\u00e5som stolpar, plank och pergolas. Tr\u00e4skyddsbehandlad i Linax, ett h\u00e5llbart val med dubbelt tr\u00e4skydd. R\u00e5varan \u00e4r en Nordsvensk furu i h\u00f6gre kvalitet. Finns i kul\u00f6rerna Natur (opigmenterad), Brun och Gr\u00e5<\/p>\n<ul>\n<li>Avvisar fukt<\/li>\n<li>L\u00e5nga underh\u00e5llsintervaller<\/li>\n<li>L\u00e5ng livsl\u00e4ngd upp till\u00a0<a href=\"https:\/\/bitus.com\/sweden-sv\/inspiration-traskyddsbehandlingar\/linax\/linax-rotskyddsgaranti\/\">50 \u00e5rs r\u00f6tskyddgaranti<\/a><\/li>\n<\/ul>\n<p><strong>S\u00e4kerst\u00e4ll att materialet r\u00e4cker hela v\u00e4gen \u2013 l\u00e4gg till 5\u201310 % extra f\u00f6r spill och kapning.<\/strong><\/p>\n","protected":false},"featured_media":2416,"template":"","meta":{"_acf_changed":false,"_crdt_document":"","inline_featured_image":false},"product_brand":[],"product_cat":[37],"product_tag":[],"class_list":{"0":"post-2244","1":"product","2":"type-product","3":"status-publish","4":"has-post-thumbnail","6":"product_cat-stolpar","8":"first","9":"instock","10":"taxable","11":"shipping-taxable","12":"product-type-variable"},"acf":[],"yoast_head":"<!-- This site is optimized with the Yoast SEO plugin v27.3 - https:\/\/yoast.com\/product\/yoast-seo-wordpress\/ -->\n<title>Stolpe Linax Natur 95x95 |<\/title>\n<meta name=\"robots\" content=\"index, follow, max-snippet:-1, max-image-preview:large, max-video-preview:-1\" \/>\n<link rel=\"canonical\" href=\"https:\/\/bitus.com\/sv\/shop\/stolpar\/stolpe-linax-natur-95x95\/\" \/>\n<meta property=\"og:locale\" content=\"sv_SE\" \/>\n<meta property=\"og:type\" content=\"article\" \/>\n<meta property=\"og:title\" content=\"Stolpe Linax Natur 95x95 |\" \/>\n<meta property=\"og:description\" content=\"Linax stolpe hyvlad 4 sidor med runda h\u00f6rn. L\u00e4mplig f\u00f6r utomhusbyggnationer ovan mark s\u00e5som stolpar, plank och pergolas. Tr\u00e4skyddsbehandlad i Linax, ett h\u00e5llbart val med dubbelt tr\u00e4skydd. R\u00e5varan \u00e4r en Nordsvensk furu i h\u00f6gre kvalitet. Finns i kul\u00f6rerna Natur (opigmenterad), Brun och Gr\u00e5 Avvisar fukt L\u00e5nga underh\u00e5llsintervaller L\u00e5ng livsl\u00e4ngd upp till\u00a050 \u00e5rs r\u00f6tskyddgaranti S\u00e4kerst\u00e4ll att materialet r\u00e4cker hela v\u00e4gen \u2013 l\u00e4gg till 5\u201310 % extra f\u00f6r spill och kapning.\" \/>\n<meta property=\"og:url\" content=\"https:\/\/bitus.com\/sv\/shop\/stolpar\/stolpe-linax-natur-95x95\/\" \/>\n<meta property=\"article:modified_time\" content=\"2026-04-15T06:21:29+00:00\" \/>\n<meta property=\"og:image\" content=\"https:\/\/bitus.com\/sv\/shop\/wp-content\/uploads\/2026\/02\/95x95-Linax-natur-stolpe-1250x1250-1.jpg\" \/>\n\t<meta property=\"og:image:width\" content=\"1250\" \/>\n\t<meta property=\"og:image:height\" content=\"1250\" \/>\n\t<meta property=\"og:image:type\" content=\"image\/jpeg\" \/>\n<meta name=\"twitter:card\" content=\"summary_large_image\" \/>\n<meta name=\"twitter:label1\" content=\"Tillg\u00e4nglig\" \/>\n\t<meta name=\"twitter:data1\" content=\"I lager\" \/>\n<script type=\"application\/ld+json\" class=\"yoast-schema-graph\">{\"@context\":\"https:\\\/\\\/schema.org\",\"@graph\":[{\"@type\":\"WebPage\",\"@id\":\"https:\\\/\\\/bitus.com\\\/sv\\\/shop\\\/stolpar\\\/stolpe-linax-natur-95x95\\\/\",\"url\":\"https:\\\/\\\/bitus.com\\\/sv\\\/shop\\\/stolpar\\\/stolpe-linax-natur-95x95\\\/\",\"name\":\"Stolpe Linax Natur 95x95 |\",\"isPartOf\":{\"@id\":\"https:\\\/\\\/bitus.com\\\/sv\\\/shop\\\/#website\"},\"primaryImageOfPage\":{\"@id\":\"https:\\\/\\\/bitus.com\\\/sv\\\/shop\\\/stolpar\\\/stolpe-linax-natur-95x95\\\/#primaryimage\"},\"image\":{\"@id\":\"https:\\\/\\\/bitus.com\\\/sv\\\/shop\\\/stolpar\\\/stolpe-linax-natur-95x95\\\/#primaryimage\"},\"thumbnailUrl\":\"https:\\\/\\\/bitus.com\\\/sv\\\/shop\\\/wp-content\\\/uploads\\\/2026\\\/02\\\/95x95-Linax-natur-stolpe-1250x1250-1.jpg\",\"datePublished\":\"2026-02-03T13:07:35+00:00\",\"dateModified\":\"2026-04-15T06:21:29+00:00\",\"breadcrumb\":{\"@id\":\"https:\\\/\\\/bitus.com\\\/sv\\\/shop\\\/stolpar\\\/stolpe-linax-natur-95x95\\\/#breadcrumb\"},\"inLanguage\":\"sv-SE\",\"potentialAction\":[{\"@type\":\"ReadAction\",\"target\":[\"https:\\\/\\\/bitus.com\\\/sv\\\/shop\\\/stolpar\\\/stolpe-linax-natur-95x95\\\/\"]}]},{\"@type\":\"ImageObject\",\"inLanguage\":\"sv-SE\",\"@id\":\"https:\\\/\\\/bitus.com\\\/sv\\\/shop\\\/stolpar\\\/stolpe-linax-natur-95x95\\\/#primaryimage\",\"url\":\"https:\\\/\\\/bitus.com\\\/sv\\\/shop\\\/wp-content\\\/uploads\\\/2026\\\/02\\\/95x95-Linax-natur-stolpe-1250x1250-1.jpg\",\"contentUrl\":\"https:\\\/\\\/bitus.com\\\/sv\\\/shop\\\/wp-content\\\/uploads\\\/2026\\\/02\\\/95x95-Linax-natur-stolpe-1250x1250-1.jpg\",\"width\":1250,\"height\":1250,\"caption\":\"ADAM HUMLESOL\"},{\"@type\":\"BreadcrumbList\",\"@id\":\"https:\\\/\\\/bitus.com\\\/sv\\\/shop\\\/stolpar\\\/stolpe-linax-natur-95x95\\\/#breadcrumb\",\"itemListElement\":[{\"@type\":\"ListItem\",\"position\":1,\"name\":\"Hem\",\"item\":\"https:\\\/\\\/bitus.com\\\/sv\\\/shop\\\/\"},{\"@type\":\"ListItem\",\"position\":2,\"name\":\"Produkter\",\"item\":\"https:\\\/\\\/bitus.com\\\/shop\\\/butik\\\/\"},{\"@type\":\"ListItem\",\"position\":3,\"name\":\"Stolpar\",\"item\":\"https:\\\/\\\/bitus.com\\\/sv\\\/shop\\\/kategori\\\/stolpar\\\/\"},{\"@type\":\"ListItem\",\"position\":4,\"name\":\"Stolpe Linax Natur 95&#215;95\"}]},{\"@type\":\"WebSite\",\"@id\":\"https:\\\/\\\/bitus.com\\\/sv\\\/shop\\\/#website\",\"url\":\"https:\\\/\\\/bitus.com\\\/sv\\\/shop\\\/\",\"name\":\"\",\"description\":\"\",\"publisher\":{\"@id\":\"https:\\\/\\\/bitus.com\\\/sv\\\/shop\\\/#organization\"},\"potentialAction\":[{\"@type\":\"SearchAction\",\"target\":{\"@type\":\"EntryPoint\",\"urlTemplate\":\"https:\\\/\\\/bitus.com\\\/sv\\\/shop\\\/?s={search_term_string}\"},\"query-input\":{\"@type\":\"PropertyValueSpecification\",\"valueRequired\":true,\"valueName\":\"search_term_string\"}}],\"inLanguage\":\"sv-SE\"},{\"@type\":\"Organization\",\"@id\":\"https:\\\/\\\/bitus.com\\\/sv\\\/shop\\\/#organization\",\"name\":\"Bitus\",\"url\":\"https:\\\/\\\/bitus.com\\\/sv\\\/shop\\\/\",\"logo\":{\"@type\":\"ImageObject\",\"inLanguage\":\"sv-SE\",\"@id\":\"https:\\\/\\\/bitus.com\\\/sv\\\/shop\\\/#\\\/schema\\\/logo\\\/image\\\/\",\"url\":\"https:\\\/\\\/bitus.com\\\/sv\\\/shop\\\/wp-content\\\/uploads\\\/2025\\\/10\\\/Bitus_Logotype.svg\",\"contentUrl\":\"https:\\\/\\\/bitus.com\\\/sv\\\/shop\\\/wp-content\\\/uploads\\\/2025\\\/10\\\/Bitus_Logotype.svg\",\"caption\":\"Bitus\"},\"image\":{\"@id\":\"https:\\\/\\\/bitus.com\\\/sv\\\/shop\\\/#\\\/schema\\\/logo\\\/image\\\/\"}}]}<\/script>\n<meta property=\"og:availability\" content=\"instock\" \/>\n<meta property=\"product:availability\" content=\"instock\" \/>\n<meta property=\"product:retailer_item_id\" content=\"110062\" \/>\n<meta property=\"product:condition\" content=\"new\" \/>\n<!-- \/ Yoast SEO plugin. -->","yoast_head_json":{"title":"Stolpe Linax Natur 95x95 |","robots":{"index":"index","follow":"follow","max-snippet":"max-snippet:-1","max-image-preview":"max-image-preview:large","max-video-preview":"max-video-preview:-1"},"canonical":"https:\/\/bitus.com\/sv\/shop\/stolpar\/stolpe-linax-natur-95x95\/","og_locale":"sv_SE","og_type":"article","og_title":"Stolpe Linax Natur 95x95 |","og_description":"Linax stolpe hyvlad 4 sidor med runda h\u00f6rn. L\u00e4mplig f\u00f6r utomhusbyggnationer ovan mark s\u00e5som stolpar, plank och pergolas. Tr\u00e4skyddsbehandlad i Linax, ett h\u00e5llbart val med dubbelt tr\u00e4skydd. R\u00e5varan \u00e4r en Nordsvensk furu i h\u00f6gre kvalitet. Finns i kul\u00f6rerna Natur (opigmenterad), Brun och Gr\u00e5 Avvisar fukt L\u00e5nga underh\u00e5llsintervaller L\u00e5ng livsl\u00e4ngd upp till\u00a050 \u00e5rs r\u00f6tskyddgaranti S\u00e4kerst\u00e4ll att materialet r\u00e4cker hela v\u00e4gen \u2013 l\u00e4gg till 5\u201310 % extra f\u00f6r spill och kapning.","og_url":"https:\/\/bitus.com\/sv\/shop\/stolpar\/stolpe-linax-natur-95x95\/","article_modified_time":"2026-04-15T06:21:29+00:00","og_image":[{"width":1250,"height":1250,"url":"https:\/\/bitus.com\/sv\/shop\/wp-content\/uploads\/2026\/02\/95x95-Linax-natur-stolpe-1250x1250-1.jpg","type":"image\/jpeg"}],"twitter_card":"summary_large_image","twitter_misc":{"Tillg\u00e4nglig":"I lager"},"schema":{"@context":"https:\/\/schema.org","@graph":[{"@type":"WebPage","@id":"https:\/\/bitus.com\/sv\/shop\/stolpar\/stolpe-linax-natur-95x95\/","url":"https:\/\/bitus.com\/sv\/shop\/stolpar\/stolpe-linax-natur-95x95\/","name":"Stolpe Linax Natur 95x95 |","isPartOf":{"@id":"https:\/\/bitus.com\/sv\/shop\/#website"},"primaryImageOfPage":{"@id":"https:\/\/bitus.com\/sv\/shop\/stolpar\/stolpe-linax-natur-95x95\/#primaryimage"},"image":{"@id":"https:\/\/bitus.com\/sv\/shop\/stolpar\/stolpe-linax-natur-95x95\/#primaryimage"},"thumbnailUrl":"https:\/\/bitus.com\/sv\/shop\/wp-content\/uploads\/2026\/02\/95x95-Linax-natur-stolpe-1250x1250-1.jpg","datePublished":"2026-02-03T13:07:35+00:00","dateModified":"2026-04-15T06:21:29+00:00","breadcrumb":{"@id":"https:\/\/bitus.com\/sv\/shop\/stolpar\/stolpe-linax-natur-95x95\/#breadcrumb"},"inLanguage":"sv-SE","potentialAction":[{"@type":"ReadAction","target":["https:\/\/bitus.com\/sv\/shop\/stolpar\/stolpe-linax-natur-95x95\/"]}]},{"@type":"ImageObject","inLanguage":"sv-SE","@id":"https:\/\/bitus.com\/sv\/shop\/stolpar\/stolpe-linax-natur-95x95\/#primaryimage","url":"https:\/\/bitus.com\/sv\/shop\/wp-content\/uploads\/2026\/02\/95x95-Linax-natur-stolpe-1250x1250-1.jpg","contentUrl":"https:\/\/bitus.com\/sv\/shop\/wp-content\/uploads\/2026\/02\/95x95-Linax-natur-stolpe-1250x1250-1.jpg","width":1250,"height":1250,"caption":"ADAM HUMLESOL"},{"@type":"BreadcrumbList","@id":"https:\/\/bitus.com\/sv\/shop\/stolpar\/stolpe-linax-natur-95x95\/#breadcrumb","itemListElement":[{"@type":"ListItem","position":1,"name":"Hem","item":"https:\/\/bitus.com\/sv\/shop\/"},{"@type":"ListItem","position":2,"name":"Produkter","item":"https:\/\/bitus.com\/shop\/butik\/"},{"@type":"ListItem","position":3,"name":"Stolpar","item":"https:\/\/bitus.com\/sv\/shop\/kategori\/stolpar\/"},{"@type":"ListItem","position":4,"name":"Stolpe Linax Natur 95&#215;95"}]},{"@type":"WebSite","@id":"https:\/\/bitus.com\/sv\/shop\/#website","url":"https:\/\/bitus.com\/sv\/shop\/","name":"","description":"","publisher":{"@id":"https:\/\/bitus.com\/sv\/shop\/#organization"},"potentialAction":[{"@type":"SearchAction","target":{"@type":"EntryPoint","urlTemplate":"https:\/\/bitus.com\/sv\/shop\/?s={search_term_string}"},"query-input":{"@type":"PropertyValueSpecification","valueRequired":true,"valueName":"search_term_string"}}],"inLanguage":"sv-SE"},{"@type":"Organization","@id":"https:\/\/bitus.com\/sv\/shop\/#organization","name":"Bitus","url":"https:\/\/bitus.com\/sv\/shop\/","logo":{"@type":"ImageObject","inLanguage":"sv-SE","@id":"https:\/\/bitus.com\/sv\/shop\/#\/schema\/logo\/image\/","url":"https:\/\/bitus.com\/sv\/shop\/wp-content\/uploads\/2025\/10\/Bitus_Logotype.svg","contentUrl":"https:\/\/bitus.com\/sv\/shop\/wp-content\/uploads\/2025\/10\/Bitus_Logotype.svg","caption":"Bitus"},"image":{"@id":"https:\/\/bitus.com\/sv\/shop\/#\/schema\/logo\/image\/"}}]},"og_availability":"instock","product_availability":"instock","product_retailer_item_id":"110062","product_condition":"new"},"_links":{"self":[{"href":"https:\/\/bitus.com\/sv\/shop\/wp-json\/wp\/v2\/product\/2244","targetHints":{"allow":["GET"]}}],"collection":[{"href":"https:\/\/bitus.com\/sv\/shop\/wp-json\/wp\/v2\/product"}],"about":[{"href":"https:\/\/bitus.com\/sv\/shop\/wp-json\/wp\/v2\/types\/product"}],"wp:featuredmedia":[{"embeddable":true,"href":"https:\/\/bitus.com\/sv\/shop\/wp-json\/wp\/v2\/media\/2416"}],"wp:attachment":[{"href":"https:\/\/bitus.com\/sv\/shop\/wp-json\/wp\/v2\/media?parent=2244"}],"wp:term":[{"taxonomy":"product_brand","embeddable":true,"href":"https:\/\/bitus.com\/sv\/shop\/wp-json\/wp\/v2\/product_brand?post=2244"},{"taxonomy":"product_cat","embeddable":true,"href":"https:\/\/bitus.com\/sv\/shop\/wp-json\/wp\/v2\/product_cat?post=2244"},{"taxonomy":"product_tag","embeddable":true,"href":"https:\/\/bitus.com\/sv\/shop\/wp-json\/wp\/v2\/product_tag?post=2244"}],"curies":[{"name":"wp","href":"https:\/\/api.w.org\/{rel}","templated":true}]}}