{"id":1480,"date":"2026-01-16T12:56:26","date_gmt":"2026-01-16T11:56:26","guid":{"rendered":"https:\/\/bitus.com\/sv\/shop\/?page_id=1480"},"modified":"2026-03-02T08:29:02","modified_gmt":"2026-03-02T07:29:02","slug":"inloggning","status":"publish","type":"page","link":"https:\/\/bitus.com\/sv\/shop\/inloggning\/","title":{"rendered":"Inloggning"},"content":{"rendered":"\n<h1 class=\"wp-block-heading\">Logga in som f\u00f6retagskund<\/h1>\n\n\n\n<p class=\"wp-block-paragraph\">\t\t<div class=\"bcccl-wrap\">\n\t\t\t\n\t\t\t\n\t\t\t\t\t\t\t<form method=\"post\">\n\t\t\t\t\t<input type=\"hidden\" id=\"bcccl_nonce\" name=\"bcccl_nonce\" value=\"dea7078fcd\" \/><input type=\"hidden\" name=\"_wp_http_referer\" value=\"\/sv\/shop\/wp-json\/wp\/v2\/pages\/1480\" \/>\t\t\t\t\t<input type=\"hidden\" name=\"bcccl_action\" value=\"request\">\n\n\t\t\t\t\t<p>\n\t\t\t\t\t\t<label class=\"bcccl-field-label\" for=\"bcccl_identifier\">Ange din e-post address<\/label>\n\t\t\t\t\t\t<input\n\t\t\t\t\t\t\tid=\"bcccl_identifier\"\n\t\t\t\t\t\t\tname=\"bcccl_identifier\"\n\t\t\t\t\t\t\ttype=\"text\"\n\t\t\t\t\t\t\tautocomplete=\"username\"\n\t\t\t\t\t\t\trequired\n\t\t\t\t\t\t\tclass=\"bcccl-input\"\n\t\t\t\t\t\t>\n\t\t\t\t\t<\/p>\n\n\t\t\t\t\t<p>\n\t\t\t\t\t\t<button type=\"submit\" class=\"bcccl-button\">\n\t\t\t\t\t\t\tSkicka kod\n\t\t\t\t\t\t<\/button>\n\t\t\t\t\t<\/p>\n\n\t\t\t\t\t<p class=\"bcccl-help\">\n\t\t\t\t\t\tDu f\u00e5r en 6-siffrig kod till din e-post som \u00e4r giltig i 10 minuter.\n\t\t\t\t\t<\/p>\n\n\t\t\t\t\t<p class=\"bcccl-help bcccl-links\">\n\t\t\t\t\t\tGl\u00f6mt mailadress eller kundnummer? <a href=\"https:\/\/bitus.com\/sv\/shop\/kontakta-oss\/\">Kontakta oss<\/a>.\n\t\t\t\t\t\t<br\/>Bli \u00e5terf\u00f6rs\u00e4ljare - <a href=\"https:\/\/bitus.com\/sv\/shop\/ansok-om-foretagskonto\/\">Ans\u00f6k om f\u00f6retagskonto.<\/a>\n\t\t\t\t\t<\/p>\n\t\t\t\t<\/form>\n\t\t\t\t\t<\/div>\n\t\t<\/p>\n","protected":false},"excerpt":{"rendered":"<p>Logga in som f\u00f6retagskund<\/p>\n","protected":false},"author":1,"featured_media":0,"parent":0,"menu_order":0,"comment_status":"closed","ping_status":"closed","template":"","meta":{"_acf_changed":false,"_crdt_document":"","inline_featured_image":false,"footnotes":""},"class_list":["post-1480","page","type-page","status-publish","hentry"],"acf":[],"yoast_head":"<!-- This site is optimized with the Yoast SEO plugin v27.3 - https:\/\/yoast.com\/product\/yoast-seo-wordpress\/ -->\n<title>Inloggning |<\/title>\n<meta name=\"robots\" content=\"index, follow, max-snippet:-1, max-image-preview:large, max-video-preview:-1\" \/>\n<link rel=\"canonical\" href=\"https:\/\/bitus.com\/sv\/shop\/inloggning\/\" \/>\n<meta property=\"og:locale\" content=\"sv_SE\" \/>\n<meta property=\"og:type\" content=\"article\" \/>\n<meta property=\"og:title\" content=\"Inloggning |\" \/>\n<meta property=\"og:description\" content=\"Logga in som f\u00f6retagskund\" \/>\n<meta property=\"og:url\" content=\"https:\/\/bitus.com\/sv\/shop\/inloggning\/\" \/>\n<meta property=\"article:modified_time\" content=\"2026-03-02T07:29:02+00:00\" \/>\n<meta name=\"twitter:card\" content=\"summary_large_image\" \/>\n<meta name=\"twitter:label1\" content=\"Ber\u00e4knad l\u00e4stid\" \/>\n\t<meta name=\"twitter:data1\" content=\"1 minut\" \/>\n<script type=\"application\/ld+json\" class=\"yoast-schema-graph\">{\"@context\":\"https:\\\/\\\/schema.org\",\"@graph\":[{\"@type\":\"WebPage\",\"@id\":\"https:\\\/\\\/bitus.com\\\/sv\\\/shop\\\/inloggning\\\/\",\"url\":\"https:\\\/\\\/bitus.com\\\/sv\\\/shop\\\/inloggning\\\/\",\"name\":\"Inloggning |\",\"isPartOf\":{\"@id\":\"https:\\\/\\\/bitus.com\\\/sv\\\/shop\\\/#website\"},\"datePublished\":\"2026-01-16T11:56:26+00:00\",\"dateModified\":\"2026-03-02T07:29:02+00:00\",\"breadcrumb\":{\"@id\":\"https:\\\/\\\/bitus.com\\\/sv\\\/shop\\\/inloggning\\\/#breadcrumb\"},\"inLanguage\":\"sv-SE\",\"potentialAction\":[{\"@type\":\"ReadAction\",\"target\":[\"https:\\\/\\\/bitus.com\\\/sv\\\/shop\\\/inloggning\\\/\"]}]},{\"@type\":\"BreadcrumbList\",\"@id\":\"https:\\\/\\\/bitus.com\\\/sv\\\/shop\\\/inloggning\\\/#breadcrumb\",\"itemListElement\":[{\"@type\":\"ListItem\",\"position\":1,\"name\":\"Hem\",\"item\":\"https:\\\/\\\/bitus.com\\\/sv\\\/shop\\\/\"},{\"@type\":\"ListItem\",\"position\":2,\"name\":\"Inloggning\"}]},{\"@type\":\"WebSite\",\"@id\":\"https:\\\/\\\/bitus.com\\\/sv\\\/shop\\\/#website\",\"url\":\"https:\\\/\\\/bitus.com\\\/sv\\\/shop\\\/\",\"name\":\"\",\"description\":\"\",\"publisher\":{\"@id\":\"https:\\\/\\\/bitus.com\\\/sv\\\/shop\\\/#organization\"},\"potentialAction\":[{\"@type\":\"SearchAction\",\"target\":{\"@type\":\"EntryPoint\",\"urlTemplate\":\"https:\\\/\\\/bitus.com\\\/sv\\\/shop\\\/?s={search_term_string}\"},\"query-input\":{\"@type\":\"PropertyValueSpecification\",\"valueRequired\":true,\"valueName\":\"search_term_string\"}}],\"inLanguage\":\"sv-SE\"},{\"@type\":\"Organization\",\"@id\":\"https:\\\/\\\/bitus.com\\\/sv\\\/shop\\\/#organization\",\"name\":\"Bitus\",\"url\":\"https:\\\/\\\/bitus.com\\\/sv\\\/shop\\\/\",\"logo\":{\"@type\":\"ImageObject\",\"inLanguage\":\"sv-SE\",\"@id\":\"https:\\\/\\\/bitus.com\\\/sv\\\/shop\\\/#\\\/schema\\\/logo\\\/image\\\/\",\"url\":\"https:\\\/\\\/bitus.com\\\/sv\\\/shop\\\/wp-content\\\/uploads\\\/2025\\\/10\\\/Bitus_Logotype.svg\",\"contentUrl\":\"https:\\\/\\\/bitus.com\\\/sv\\\/shop\\\/wp-content\\\/uploads\\\/2025\\\/10\\\/Bitus_Logotype.svg\",\"caption\":\"Bitus\"},\"image\":{\"@id\":\"https:\\\/\\\/bitus.com\\\/sv\\\/shop\\\/#\\\/schema\\\/logo\\\/image\\\/\"}}]}<\/script>\n<!-- \/ Yoast SEO plugin. -->","yoast_head_json":{"title":"Inloggning |","robots":{"index":"index","follow":"follow","max-snippet":"max-snippet:-1","max-image-preview":"max-image-preview:large","max-video-preview":"max-video-preview:-1"},"canonical":"https:\/\/bitus.com\/sv\/shop\/inloggning\/","og_locale":"sv_SE","og_type":"article","og_title":"Inloggning |","og_description":"Logga in som f\u00f6retagskund","og_url":"https:\/\/bitus.com\/sv\/shop\/inloggning\/","article_modified_time":"2026-03-02T07:29:02+00:00","twitter_card":"summary_large_image","twitter_misc":{"Ber\u00e4knad l\u00e4stid":"1 minut"},"schema":{"@context":"https:\/\/schema.org","@graph":[{"@type":"WebPage","@id":"https:\/\/bitus.com\/sv\/shop\/inloggning\/","url":"https:\/\/bitus.com\/sv\/shop\/inloggning\/","name":"Inloggning |","isPartOf":{"@id":"https:\/\/bitus.com\/sv\/shop\/#website"},"datePublished":"2026-01-16T11:56:26+00:00","dateModified":"2026-03-02T07:29:02+00:00","breadcrumb":{"@id":"https:\/\/bitus.com\/sv\/shop\/inloggning\/#breadcrumb"},"inLanguage":"sv-SE","potentialAction":[{"@type":"ReadAction","target":["https:\/\/bitus.com\/sv\/shop\/inloggning\/"]}]},{"@type":"BreadcrumbList","@id":"https:\/\/bitus.com\/sv\/shop\/inloggning\/#breadcrumb","itemListElement":[{"@type":"ListItem","position":1,"name":"Hem","item":"https:\/\/bitus.com\/sv\/shop\/"},{"@type":"ListItem","position":2,"name":"Inloggning"}]},{"@type":"WebSite","@id":"https:\/\/bitus.com\/sv\/shop\/#website","url":"https:\/\/bitus.com\/sv\/shop\/","name":"","description":"","publisher":{"@id":"https:\/\/bitus.com\/sv\/shop\/#organization"},"potentialAction":[{"@type":"SearchAction","target":{"@type":"EntryPoint","urlTemplate":"https:\/\/bitus.com\/sv\/shop\/?s={search_term_string}"},"query-input":{"@type":"PropertyValueSpecification","valueRequired":true,"valueName":"search_term_string"}}],"inLanguage":"sv-SE"},{"@type":"Organization","@id":"https:\/\/bitus.com\/sv\/shop\/#organization","name":"Bitus","url":"https:\/\/bitus.com\/sv\/shop\/","logo":{"@type":"ImageObject","inLanguage":"sv-SE","@id":"https:\/\/bitus.com\/sv\/shop\/#\/schema\/logo\/image\/","url":"https:\/\/bitus.com\/sv\/shop\/wp-content\/uploads\/2025\/10\/Bitus_Logotype.svg","contentUrl":"https:\/\/bitus.com\/sv\/shop\/wp-content\/uploads\/2025\/10\/Bitus_Logotype.svg","caption":"Bitus"},"image":{"@id":"https:\/\/bitus.com\/sv\/shop\/#\/schema\/logo\/image\/"}}]}},"_links":{"self":[{"href":"https:\/\/bitus.com\/sv\/shop\/wp-json\/wp\/v2\/pages\/1480","targetHints":{"allow":["GET"]}}],"collection":[{"href":"https:\/\/bitus.com\/sv\/shop\/wp-json\/wp\/v2\/pages"}],"about":[{"href":"https:\/\/bitus.com\/sv\/shop\/wp-json\/wp\/v2\/types\/page"}],"author":[{"embeddable":true,"href":"https:\/\/bitus.com\/sv\/shop\/wp-json\/wp\/v2\/users\/1"}],"replies":[{"embeddable":true,"href":"https:\/\/bitus.com\/sv\/shop\/wp-json\/wp\/v2\/comments?post=1480"}],"version-history":[{"count":5,"href":"https:\/\/bitus.com\/sv\/shop\/wp-json\/wp\/v2\/pages\/1480\/revisions"}],"predecessor-version":[{"id":2954,"href":"https:\/\/bitus.com\/sv\/shop\/wp-json\/wp\/v2\/pages\/1480\/revisions\/2954"}],"wp:attachment":[{"href":"https:\/\/bitus.com\/sv\/shop\/wp-json\/wp\/v2\/media?parent=1480"}],"curies":[{"name":"wp","href":"https:\/\/api.w.org\/{rel}","templated":true}]}}